{"id":2,"date":"2021-01-25T14:29:06","date_gmt":"2021-01-25T13:29:06","guid":{"rendered":"http:\/\/lwowska.szkola.architektoniczna.uksw.edu.pl\/?page_id=2"},"modified":"2021-01-25T16:19:12","modified_gmt":"2021-01-25T15:19:12","slug":"przykladowa-strona","status":"publish","type":"page","link":"https:\/\/lwowska.szkola.architektoniczna.uksw.edu.pl\/?page_id=2","title":{"rendered":"Informacje o projekcie"},"content":{"rendered":"\n<p> <\/p>\n\n\n\n<p>Celem niniejszego projektu by\u0142a dokumentacja i opracowanie dzie\u0142 Lwowskiej Szko\u0142y Architektonicznej w celu ich szerszego udost\u0119pnienia. Ma ona ogromne znaczenie wobec zagro\u017cenia zniszczeniem wielu budowli z XIX i XX wieku na terenie Ukrainy, jaki coraz bardziej utrudnionego dost\u0119pu do \u017ar\u00f3de\u0142 w archiwach ukrai\u0144skich. Istotnym celem projektu by\u0142o te\u017c ukazanie dorobku architektonicznego Lwowskiej Szko\u0142y Architektonicznej i dokumentacja zjawisk, kt\u00f3re doprowadzi\u0142y do ukszta\u0142towania si\u0119 i ugruntowania miejscowego \u015brodowiska architektonicznego. Analiza architektury lwowskiej ma du\u017ce znaczenie dla poznania i zrozumienia dorobku innych polskich \u015brodowisk artystycznych i architektonicznych, a szczeg\u00f3lnie tych najbardziej dynamicznie rozwijaj\u0105cych si\u0119 w 2 po\u0142owie XIX wieku i po 1918 roku. Wp\u0142ywy \u015brodowiska lwowskiego i Lwowskiej Szko\u0142y Architektonicznej szybko ros\u0142y i obj\u0119\u0142y w\u0142a\u015bciwie wszystkie obszary peryferyjne, gdzie dzia\u0142ali wykszta\u0142ceni i ukszta\u0142towani we Lwowie architekci. Temat bada\u0144 by\u0142 bardzo szeroki &#8211; obejmowa\u0142 ogromny obszar, jak i budowle powsta\u0142e w ci\u0105gu ostatnich dw\u00f3ch stuleci.<\/p>\n\n\n\n<p>Na pocz\u0105tku realizacji projektu badawczego wykonano poszukiwania bibliograficzne i biblioteczne w celu zapoznania si\u0119 z pracami dotycz\u0105cymi Lwowskiej Szko\u0142y Architektonicznej wraz z reprodukcj\u0105 wybranych prac. Zebrano bibliografi\u0119 prac polskich i ukrai\u0144skich na ten temat, kt\u00f3ra by\u0142a niezb\u0119dna do dalszej realizacji projektu.<\/p>\n\n\n\n<p>Pierwszy etap bada\u0144 dotyczy\u0142 rozpoznania budowli z 1 po\u0142owy XIX wieku. Wykonano kwerendy archiwalne w poszukiwaniu materia\u0142\u00f3w archiwalnych dotycz\u0105cych Lwowskiej Szko\u0142y Architektonicznej z 1 po\u0142owy XIX wieku w archiwach lwowskich wraz z wyborem przydatnych \u017ar\u00f3de\u0142 i wpisaniem cz\u0119\u015bci odnalezionych materia\u0142\u00f3w \u017ar\u00f3d\u0142owych na no\u015bnik elektroniczny. Wykonano reprodukcj\u0119 pozyskanych \u017ar\u00f3de\u0142. Kolejnym etapem tego zadania by\u0142o opracowanie materia\u0142\u00f3w archiwalnych z 1 po\u0142owy XIX wieku znajduj\u0105cych si\u0119 w archiwach lwowskich. Opracowano pozyskane materia\u0142y i wykonano ich reprodukcje oraz przerysy.<\/p>\n\n\n\n<p>Kolejny etap bada\u0144 dotyczy\u0142 rozpoznania budowli z 2 po\u0142owy XIX wieku. Wykonano kwerendy archiwalne w poszukiwaniu materia\u0142\u00f3w archiwalnych dotycz\u0105cych Lwowskiej Szko\u0142y Architektonicznej z 2 po\u0142owy XIX wieku w archiwach lwowskich wraz z wyborem przydatnych \u017ar\u00f3de\u0142 i wpisaniem cz\u0119\u015bci odnalezionych materia\u0142\u00f3w \u017ar\u00f3d\u0142owych na no\u015bnik elektroniczny. Opracowano pozyskane materia\u0142y i wykonano ich reprodukcje oraz przerysy.<\/p>\n\n\n\n<p>Nast\u0119pny etap bada\u0144 dotyczy\u0142 rozpoznania budowli z 1 po\u0142owy XX wieku. Wykonano kwerendy archiwalne w poszukiwaniu materia\u0142\u00f3w archiwalnych dotycz\u0105cych Lwowskiej Szko\u0142y Architektonicznej z 1 po\u0142owy XX wieku w archiwach lwowskich wraz z wyborem przydatnych \u017ar\u00f3de\u0142 i wpisaniem cz\u0119\u015bci odnalezionych materia\u0142\u00f3w \u017ar\u00f3d\u0142owych na no\u015bnik elektroniczny. Opracowano pozyskane materia\u0142y i wykonano ich reprodukcje oraz przerysy.<\/p>\n\n\n\n<p>Wykonano te\u017c kwerend\u0119 w poszukiwaniu materia\u0142\u00f3w archiwalnych Lwowskiej Szko\u0142y Architektonicznej w archiwach Iwanofrankowska, Tarnopola i innych o\u015brodk\u00f3w Zachodniej Ukrainy, a tak\u017ce w archiwach Centralnej Ukrainy i Kijowa. Kwerenda przeprowadzona w archiwach Kijowa da\u0142a wynik negatywny. Wykonano opracowanie i reprodukcje pozyskanych \u017ar\u00f3de\u0142.<\/p>\n\n\n\n<p>Wykonano kwerend\u0119 w poszukiwaniu materia\u0142\u00f3w archiwalnych dotycz\u0105cych Lwowskiej Szko\u0142y Architektonicznej w wybranych archiwach Polski po\u0142udniowo-wschodniej i na pozosta\u0142ych terenach Polski wraz z wyborem przydatnych \u017ar\u00f3de\u0142 i wpisaniem cz\u0119\u015bci odnalezionych materia\u0142\u00f3w \u017ar\u00f3d\u0142owych na no\u015bnik elektroniczny. Opracowano pozyskane materia\u0142y i wykonano ich reprodukcje oraz przerysy.<\/p>\n\n\n\n<p>Przeprowadzono te\u017c studia i analizy por\u00f3wnawcze dotycz\u0105ce lwowskiej szko\u0142y architektonicznej.<\/p>\n\n\n\n<p>Kwerenda archiwalna obj\u0119\u0142a 8 archiw\u00f3w i instytucji za granic\u0105 oraz 6 archiw\u00f3w i instytucji w Polsce. Badania terenowe obj\u0119\u0142y oko\u0142o 65 miejscowo\u015bci na terenie Ukrainy, 30 miejscowo\u015bci na terenie po\u0142udniowej i zachodniej Bia\u0142orusi. Wykonano oko\u0142o 9 ty\u015b. fotografii budynk\u00f3w z XIX i XX wieku nale\u017c\u0105cych do Lwowskiej Szko\u0142y Architektonicznej. Wykonane kwerendy archiwalne i fotografie zosta\u0142y wykorzystane w 22 opublikowanych pracach jak i 22 wyg\u0142oszonych referatach oraz b\u0119d\u0105 dalej wykorzystywane w kolejnych opracowaniach dotycz\u0105cych Lwowskiej Szko\u0142y Architektonicznej.<\/p>\n\n\n\n<p>Najwi\u0119kszym osi\u0105gni\u0119ciem naukowym projektu jest z\u0142o\u017cona do druku blisko 400 stronicowa monografia prezentuj\u0105ca architektur\u0119 Lwowskiej Szko\u0142y Architektonicznej okresu dwudziestolecia mi\u0119dzywojennego, a tak\u017ce 21 innych publikacji oraz 22 wyg\u0142oszone referaty na konferencjach mi\u0119dzynarodowych i krajowych.<\/p>\n\n\n\n<p>Analizowane projekty i zrealizowane budowle Lwowskiej Szko\u0142y Architektonicznej odegra\u0142y ogromn\u0105 rol\u0119 w kszta\u0142towaniu krajobrazu architektonicznego w Europie \u015arodkowej. By\u0142a to architektura powstaj\u0105ca r\u00f3wnocze\u015bnie z dzie\u0142ami architekt\u00f3w wychowanych w innych o\u015brodkach (Warszawa, uczelnie niemieckie).<\/p>\n\n\n\n<p>Badania, kt\u00f3re obejmowa\u0142 projekt by\u0142y bardzo szerokie. Obejmowa\u0142y ogromny obszar, jak i dzie\u0142a powstaj\u0105ce w ci\u0105gu dw\u00f3ch stuleci. Ich kolejnym etapem powinien by\u0107 kolejny du\u017cy projekt badawczy obejmuj\u0105cy opracowanie katalogu zabytk\u00f3w architektury na obszarze zachodniej Ukrainy.<\/p>\n","protected":false},"excerpt":{"rendered":"<p>Celem niniejszego projektu by\u0142a dokumentacja i opracowanie dzie\u0142 Lwowskiej Szko\u0142y Architektonicznej w celu ich szerszego udost\u0119pnienia. Ma ona ogromne znaczenie wobec zagro\u017cenia zniszczeniem wielu budowli z XIX i XX wieku na terenie Ukrainy, jaki coraz bardziej utrudnionego dost\u0119pu do \u017ar\u00f3de\u0142 w archiwach ukrai\u0144skich. Istotnym celem projektu by\u0142o te\u017c ukazanie dorobku architektonicznego Lwowskiej Szko\u0142y Architektonicznej i [&hellip;]<\/p>\n","protected":false},"author":1,"featured_media":0,"parent":0,"menu_order":0,"comment_status":"closed","ping_status":"open","template":"","meta":{"footnotes":""},"class_list":["post-2","page","type-page","status-publish","hentry"],"_links":{"self":[{"href":"https:\/\/lwowska.szkola.architektoniczna.uksw.edu.pl\/index.php?rest_route=\/wp\/v2\/pages\/2","targetHints":{"allow":["GET"]}}],"collection":[{"href":"https:\/\/lwowska.szkola.architektoniczna.uksw.edu.pl\/index.php?rest_route=\/wp\/v2\/pages"}],"about":[{"href":"https:\/\/lwowska.szkola.architektoniczna.uksw.edu.pl\/index.php?rest_route=\/wp\/v2\/types\/page"}],"author":[{"embeddable":true,"href":"https:\/\/lwowska.szkola.architektoniczna.uksw.edu.pl\/index.php?rest_route=\/wp\/v2\/users\/1"}],"replies":[{"embeddable":true,"href":"https:\/\/lwowska.szkola.architektoniczna.uksw.edu.pl\/index.php?rest_route=%2Fwp%2Fv2%2Fcomments&post=2"}],"version-history":[{"count":5,"href":"https:\/\/lwowska.szkola.architektoniczna.uksw.edu.pl\/index.php?rest_route=\/wp\/v2\/pages\/2\/revisions"}],"predecessor-version":[{"id":50,"href":"https:\/\/lwowska.szkola.architektoniczna.uksw.edu.pl\/index.php?rest_route=\/wp\/v2\/pages\/2\/revisions\/50"}],"wp:attachment":[{"href":"https:\/\/lwowska.szkola.architektoniczna.uksw.edu.pl\/index.php?rest_route=%2Fwp%2Fv2%2Fmedia&parent=2"}],"curies":[{"name":"wp","href":"https:\/\/api.w.org\/{rel}","templated":true}]}}