{"id":20,"date":"2021-01-25T14:56:35","date_gmt":"2021-01-25T13:56:35","guid":{"rendered":"http:\/\/lwowska.szkola.architektoniczna.uksw.edu.pl\/?page_id=20"},"modified":"2021-01-25T16:22:46","modified_gmt":"2021-01-25T15:22:46","slug":"publikacje","status":"publish","type":"page","link":"https:\/\/lwowska.szkola.architektoniczna.uksw.edu.pl\/?page_id=20","title":{"rendered":"Publikacje"},"content":{"rendered":"\n<p><strong>Prace opublikowane<\/strong><br>1 monografia i 25 prac w materia\u0142ach mi\u0119dzynarodowych i krajowych sesji naukowych<\/p>\n\n\n\n<p><strong>Prace w druku<\/strong> <br>1 monografia i 7 prac w materia\u0142ach mi\u0119dzynarodowych i krajowych sesji naukowych<\/p>\n\n\n\n<p><strong>\u0141\u0105cznie<\/strong> <br>2 monografie i 32 prace w materia\u0142ach mi\u0119dzynarodowych i krajowych sesji naukowych<\/p>\n\n\n\n<p><strong>Prace opublikowane<\/strong><\/p>\n\n\n\n<p><strong>2019<\/strong><\/p>\n\n\n\n<p>1. Jakub Lewicki, <em>Mi\u0119dzy tradycj\u0105 a nowoczesno\u015bci\u0105. Architektura Lwowa lat 1893-1918<\/em>, wyd. II poprawione, Warszawa 2019 [monografia].<\/p>\n\n\n\n<p>2. Jakub Lewicki, <em>Przestrzenie publiczne w krajobrazie Lwowa ko\u0144ca XIX wieku<\/em> [w:] Architektura <em>w mie\u015bcie, architektura dla miasta<\/em>, t. 2: <em>Przestrze\u0144<\/em> <em>publiczna w miastach ziem polskich w \u201ed\u0142ugim\u201d dziewi\u0119tnastym wieku<\/em>, red. nauk. Aleksander \u0141upienko, Agnieszka Zab\u0142ocka Kos, IH PAN, Warszawa 2019, ISBN 978-83-65880-53-6, s. 295-319.<\/p>\n\n\n\n<p>3. Jakub Lewicki, <em>Architektura niedoko\u0144czona &#8211; problemy badawcze i konserwatorskie polskiego dziedzictwa XX wieku <\/em>[w:] <em>Architektura XX w. jej badania i popularyzacja w Gdyni i w Europie<\/em>, ISBN 978-83-952719-4-6, Gdynia 2019, s. 109-114.<\/p>\n\n\n\n<p>4. Ma\u0142gorzata Korpa\u0142a, <em>Faktura i kolorystyka architektury dwudziestolecia mi\u0119dzywojennego we Lwowie <\/em>[w:] <em>Architektura XX w. jej badania i popularyzacja w Gdyni i w Europie<\/em>, ISBN 978-83-952719-4-6, Gdynia 2019, s. 133-140.<\/p>\n\n\n\n<p><strong>2018<\/strong><\/p>\n\n\n\n<p>1. Jakub Lewicki, <em>Luksusowa architektura mieszkaniowa Lwowskiej Szko\u0142y Architektonicznej schy\u0142ku lat 30. XX wieku na przyk\u0142adzie zespo\u0142u zabudowy przy ulicy Sykstuskiej 49-59 we Lwowie<\/em>, \u201e<em>Architektura polska &#8211; mi\u0119dzy wschodem a zachodem\u201d<\/em>, red. Joanna Kucharzewska, \u201eStudia z architektury nowoczesnej\u201d, ISSN 2084-0713, T. 6, 2018, s. 95-107.<\/p>\n\n\n\n<p>2. Jakub Lewicki, <em>Polskie miejsca pami\u0119ci &#8211; zmiany interpretacji i problemy ochrony w XXI wieku<\/em>, <em>Miejsca pami\u0119ci &#8211; definiowanie, interpretacja, ochrona<\/em>, <em>\u201e<\/em>Ochrona dziedzictwa kulturowego\u201d, ISSN 2543-6422,<em> <\/em>Warszawa 2018, Nr 5, s. 103-114.<\/p>\n\n\n\n<p>3. Jakub Lewicki, <em>Lwowiacy w Gdyni. O Pomorzu we Lwowie. O zwi\u0105zkach architektury dw\u00f3ch region\u00f3w<\/em> [w:] <em>Architektura XX w. jej ochrona i konserwacja w Gdyni i w Europie<\/em>, ISBN 978-83-942631-8-8, Gdynia 2018, s. 77-84<\/p>\n\n\n\n<p>4. Ma\u0142gorzata Korpa\u0142a, <em>Kolorystyka architektury modernistycznej i funkcjonalistycznej okresu 20-lecia mi\u0119dzywojennego we Lwowie<\/em>, Architektura polska \u2013 miedzy Wschodem a Zachodem, \u201eStudia z architektury nowoczesnej\u201d, ISSN: 2084-0713, T. 6, red. Joanna Kucharzewska, Warszawa-Toru\u0144 2018, s. 109-130.<\/p>\n\n\n\n<p><strong>2017<\/strong><\/p>\n\n\n\n<p>1. Jakub Lewicki, <em>Nowe obszary bada\u0144 nad architektur\u0105 Kres\u00f3w na przyk\u0142adzie studi\u00f3w nad dorobkiem Lwowskiej Szko\u0142y Architektonicznej<\/em> [w:] <em>Stan bada\u0144 nad wielokulturowym dziedzictwem dawnej Rzeczpospolitej<\/em>, red. naukowa Wojciech Walczak, Karol \u0141opatecki, T. I, Bia\u0142ystok 2017, ISBN 978-83-64103-17-9, wydawnictwo pokonferencyjne, s. 243-313.<\/p>\n\n\n\n<p>2. Jakub Lewicki, <em>Architektura polskich Kres\u00f3w w Europie \u015arodkowo-Wschodniej. Wybrane problemy<\/em> [w:] <em>Architektura XX w. i jej waloryzacja w Gdyni i w Europie<\/em>, ISBN 978-83-932299-9-4, Gdynia 2017, s. 149-156.<\/p>\n\n\n\n<p>3. Jakub Lewicki, <em>Ocena warto\u015bci zabytk\u00f3w epoki modernizmu z 1 po\u0142. XX wieku<\/em>. <em>Propozycja metody klasyfikacji, \u201e<\/em>Dziedzictwo XX wieku \u2013 kryteria wyboru, zasady ochrony\u201d, Polski Komitet Narodowy ICOMOS, <em>\u201e<\/em>Ochrona dziedzictwa kulturowego\u201d, ISSN 2543-6422,<em> <\/em>Warszawa 2017, Nr 3, s. 107-123.<\/p>\n\n\n\n<p>4. Jakub Lewicki, <em>Architektura rzymskokatolickiej katedry we Lwowie. Kilka uwag na podstawie najnowszego pomiaru budowli<\/em> [w:] <em>Velis quod possis. Studia z historii sztuki ofiarowane profesorowi Janowi Ostrowskiemu<\/em>, ISBN 978-83-7581-235-0, Krak\u00f3w 2016, s. 203-206.<\/p>\n\n\n\n<p><strong>2016<\/strong><\/p>\n\n\n\n<p>1. Jakub Lewicki, <em>Lwowska szko\u0142a architektoniczna w XIX i XX wieku. Poj\u0119cie, granice, charakterystyka <\/em>[w:] <em>Galicja \u2013 mozaika nie tylko narodowa<\/em>, ISBN 978-83-7798-196-5, T. III, Warszawa 2016, s. 58-73.<\/p>\n\n\n\n<p>2. Jakub Lewicki, <em>Architektura mieszkaniowa <\/em>[w:] Lw\u00f3w &#8211; miasto, architektura, modernizm, red. Bohdan Cherkes i Andrzej Szczerski, Wroc\u0142aw 2016, ISBN 978-83-89262-96-7, wyd. Muzeum Architektury we Wroc\u0142awiu, s. 89-131.<\/p>\n\n\n\n<p>3. Jakub Lewicki, <em>Regeneracja. Lwowskie \u015brodowisko architektoniczne \u2013 charakterystyka dzia\u0142alno\u015bci w okresie mi\u0119dzywojennym<\/em> [w:] Lw\u00f3w &#8211; miasto, architektura, modernizm, red. Bohdan Cherkes i Andrzej Szczerski, Wroc\u0142aw 2016, ISBN 978-83-89262-96-7, wyd. Muzeum Architektury we Wroc\u0142awiu, s. 59-87.<\/p>\n\n\n\n<p>4. Jakub Lewicki, <em>Residential architecture <\/em>[w:] Lviv &#8211; city, architecture, modernism, ed. by Bohdan Cherkes and Andrzej Szczerski, Wroc\u0142aw 2016, ISBN 978-83-89262-96-7, ed. Museum Architecture in Wroc\u0142aw, s. 89-131.<\/p>\n\n\n\n<p>5. Jakub Lewicki, <em>Regeneration. The Lviv architectural environment and the characteristicts its acitvity in the interwar period<\/em><em> <\/em>[w:] Lviv &#8211; city, architecture, modernism, ed. by Bohdan Cherkes and Andrzej Szczerski, Wroc\u0142aw 2016, ISBN 978-83-89262-98-1, ed. Museum Architecture in Wroc\u0142aw, s. 59-87.<\/p>\n\n\n\n<p>6. Jakub Lewicki, <em>Regulacja i odbudowa miast Galicji jako \u017ar\u00f3d\u0142o nowoczesnej teorii urbanistycznej w Europie \u015arodkowej<\/em> [w:] <em>Odbudowy i modernizacje miast historycznych w pierwszej po\u0142owie dwudziestego wieku w Europie: nar\u00f3d, polityka, spo\u0142ecze\u0144stwo,<\/em> red. Iwona Bara\u0144ska i Makary G\u00f3rzy\u0144ski,<em> <\/em>ISBN 978-83-62689-48-4,Kalisz 2016, s. 107-142. Materia\u0142y z sesji: <em>(Od)Budowa miasta historycznego: nar\u00f3d, polityka, spo\u0142ecze\u0144stwo a rekonstrukcje o\u015brodk\u00f3w zniszczonych w czasie i wojny \u015bwiatowej<\/em>, 16-17 IV 1915, Kalisz.<\/p>\n\n\n\n<p>7. Jakub Lewicki, <em>Reconstruction Projects for Galician Towns as a Source of the Modern Urbanism Theory in Central Europe<\/em> [in:] <em>Reconstructions and modernizations of historic towns in Europe in the first half of the twentieth century. Nation, Politics, Society<\/em>, Edited by Iwona Bara\u0144ska and Makary G\u00f3rzy\u0144ski, Materials from international conference <em>\u201e(Re)creating Historical Towns and Cities. Nation, Politics, Society in Post-1914 Urban Restorations\u201d, <\/em>Kalisz 16-17 IV 1915, ISBN 978-83-62689-49-1, Kalisz 2016, Kaliskie Towarzystwo Przyjaci\u00f3\u0142 Nauk [Kalisz Society Of Friends Of Sciences], s. 106-142. Materials from international conference <em>\u201e(Re)creating Historical Towns and Cities. <\/em><em>Nation, Politics, Society in Post-1914 Urban Restorations\u201d, <\/em>Kalisz 16-17 IV 2015.<\/p>\n\n\n\n<p>8. Jakub Lewicki, <em>O pocz\u0105tkach kategoryzacji i klasyfikacji zabytk\u00f3w. O wadach i zaletach polskich system\u00f3w warto\u015bciowania zabytk\u00f3w<\/em> [w:] <em>Ochrona Dziedzictwa Kulturowego.<\/em> <em>Klasyfikacja i kategoryzacja zabytk\u00f3w w systemie ochrony zabytk\u00f3w<\/em>, red. B. Szmygin, ISBN 978-83-944481-1-0, Warszawa 2016, nr 2 (16), s. 91-108.<\/p>\n\n\n\n<p><strong>2015<\/strong><\/p>\n\n\n\n<p>1. Jakub Lewicki, <em>Przesz\u0142o\u015b\u0107 czy przysz\u0142o\u015b\u0107 \u2013 dylematy zwi\u0105zane z zabytkami w dobie postkolonializmu<\/em> [w:] <em>J\u0119zyki postkolonialno\u015bci w Europie \u015arodkowo-Wschodniej. Kultura, \u017cycie spo\u0142eczne i polityczne po roku 1989<\/em>, Pozna\u0144 [w:] \u201ePor\u00f3wnania-Comparisons-Srawnienija-Porovn\u00e1n\u00ed-Vergleiche\u201d, T. XVII, Pozna\u0144 2015, ISSN 1733-165X, wydawnictwo pokonferencyjne, s. 91-104.<\/p>\n\n\n\n<p>2. Jakub Lewicki, Co straci\u0107, co zyska\u0107. Adaptowa\u0107 czy modernizowa\u0107? Mo\u017cliwo\u015bci ingerencji w elewacje z czas\u00f3w eklektyzmu i modernizmu [w:] Ochrona warto\u015bci w procesie adaptacji zabytk\u00f3w, red. Bogus\u0142aw Szmygin, Warszawa 2015, ISBN 978-83-940280-9-1, s. 157-169.<\/p>\n\n\n\n<p><strong>2014<\/strong><\/p>\n\n\n\n<p>1. Jakub Lewicki, <em>Zabytki na pograniczu. Dziel\u0105 czy \u0142\u0105cz\u0105<\/em> ? [w:] \u201e<em>Spo\u0142ecze\u0144stwo obywatelskie a ochrona zabytk\u00f3w na pograniczu polsko-niemieckim<\/em>\u201d.&nbsp; <em>Zivilgesellschaft und Denkmalschutz im deutsch-polnischen Grenzgebiet<\/em>, &nbsp;Materia\u0142y z mi\u0119dzynarodowej konferencji w Gubinie-Guben w dniach 31 V &#8211; 2 VI 2012.<strong> <\/strong>Tagungsband der internationalen wissenschaftlichen Konferenz, red. Paul Zaleski, Gubin-Guben 2014, wydawnictwo pokonferencyjne, ISBN 978-83-64707-03-2, s. 31-48.<\/p>\n\n\n\n<p><strong>2013<\/strong><\/p>\n\n\n\n<p>1. Jakub Lewicki, <em>Modernizm na Wo\u0142yniu czyli jak zmienia\u0142y si\u0119 Kresy <\/em>[w:] <em>Stan bada\u0144 nad wielokulturowym dziedzictwem dawnej Rzeczpospolitej<\/em>, red. naukowa Wojciech Walczak, Karol \u0141opacki, T. IV, Bia\u0142ystok 2013, ISBN 978-83-934920-7-7, wydawnictwo pokonferencyjne, s. 1515-1554.<\/p>\n\n\n\n<p>2. Jakub Lewicki, <em>Luksusowe kamienica wczesnego modernizmu. Polska teoria i praktyka architektoniczna<\/em> [w:] Oblicza modernizmu w architekturze. <em>Paradygmat luksusu w architekturze modernizmu XX wieku<\/em>, red. R. Nakonieczny, J. Wojtas, Wydawnictwo \u015al\u0105skie, Katowice 2013, ISBN 978-83-7164-764-2, wydawnictwo pokonferencyjne, s. 104-118.<\/p>\n\n\n\n<p>3. Jakub Lewicki, <em>Konflikt o zabytki i miejsca pami\u0119ci czyli&nbsp; o nowo-starym postrzeganiu przesz\u0142o\u015bci w Europie \u015arodkowej i Wschodniej po 1989 roku,<\/em>\u201d, \u201ePor\u00f3wnania-Comparisons-Srawnienija-Porovn\u00e1n\u00ed-Vergleiche\u201d, T. XIII, Pozna\u0144 2013, ISSN 1733-165X,<em> Materia\u0142y z konferencji <\/em>\u201e<em>Kultura sytuacji postkolonialnej. Europa \u015arodkowa i Wschodnia po roku<\/em>, s. 203-223.<\/p>\n\n\n\n<p><strong>Prace w druku<\/strong><\/p>\n\n\n\n<p>1. Jakub Lewicki, <em>Regeneracja i modernizacja. Architektura Lwowa okresu 20-lecia mi\u0119dzywojennego,<\/em> 400 stron, 300 ilustracji [monografia &#8211; w druku wyd. Instytut Polonika]<\/p>\n\n\n\n<p>2. Jakub Lewicki, <em>Koncepcje odbudowy kraju z lat 1914 &#8211; 1925 jako przejaw poszukiwa\u0144 po\u0142\u0105czenia tradycji z nowoczesno\u015bci\u0105<\/em> [w:] \u201eNiepodleg\u0142o\u015b\u0107 i nowoczesno\u015b\u0107\u201d, Szczecin (w druku).<\/p>\n\n\n\n<p>3. Jakub Lewicki, <em>Mi\u0119dzy Warszaw\u0105, Lwowem a Lublinem. Architektura Wo\u0142ynia w okresie dwudziestolecia mi\u0119dzywojennego<\/em> [w:] Mi\u0119dzynarodowa konferencja naukowa \u201e<em>Wo\u0142y\u0144 w polskiej, ukrai\u0144skiej i \u015bwiatowej historiografii<\/em>\u201d, Olsztyn &#8211; Krzemieniec (w druku).<\/p>\n\n\n\n<p>4. Jakub Lewicki, <em>Dla chwa\u0142y Niepodleg\u0142ej czyli architektura niezaistnia\u0142a. <\/em><em>Jak wygl\u0105da\u0142by Lw\u00f3w gdyby nie wybuch\u0142a wojna<\/em> [w:] \u201eProjekty dla Niepodleg\u0142ej. Architektura i sztuka w Polsce po roku 1918\u201d, Krak\u00f3w (w druku).<\/p>\n\n\n\n<p>5. Jakub Lewicki, <em>Architektura pocz\u0105tk\u00f3w niepodleg\u0142o\u015bci. Odbudowa Kres\u00f3w II Rzeczpospolitej<\/em> [w:] <em>IV Mi\u0119dzynarodowy kongres: <strong>Stan bada\u0144 nad wielokulturowym dziedzictwem dawnej Rzeczypospolitej<\/strong><\/em><strong>, <\/strong>Rzesz\u00f3w (w druku).<\/p>\n\n\n\n<p>6. Jakub Lewicki, <em>Pocz\u0105tki nowoczesno\u015bci na Kresach. Konkurs na Dom Ludowy w Horochowie<\/em>, Toru\u0144 (w druku).<strong><\/strong><\/p>\n\n\n\n<p>7. Ma\u0142gorzata Korpa\u0142a, <em>Konserwacja zabytk\u00f3w na Wo\u0142yniu w okresie dwudziestolecia mi\u0119dzywojennego<\/em>. \u201e<em>Wo\u0142y\u0144 w polskiej, ukrai\u0144skiej i \u015bwiatowej historiografii<\/em>\u201d, \u201eRocznik Wo\u0142y\u0144ski\u201d, T. IX, Olsztyn-\u0141uck (w druku).<\/p>\n\n\n\n<p>8. Ma\u0142gorzata Korpa\u0142a, <em>Konserwacja malarstwa w okresie mi\u0119dzywojennym na Kresach II Rzeczpospolitej. Pr\u00f3ba podsumowania<\/em>, Stan bada\u0144 nad wielokulturowym dziedzictwem dawnej Rzeczypospolitej Rzesz\u00f3w, Rzesz\u00f3w 3\u20135 pa\u017adziernika 2018, Rzesz\u00f3w-Bia\u0142ystok (w druku).<\/p>\n","protected":false},"excerpt":{"rendered":"<p>Prace opublikowane1 monografia i 25 prac w materia\u0142ach mi\u0119dzynarodowych i krajowych sesji naukowych Prace w druku 1 monografia i 7 prac w materia\u0142ach mi\u0119dzynarodowych i krajowych sesji naukowych \u0141\u0105cznie 2 monografie i 32 prace w materia\u0142ach mi\u0119dzynarodowych i krajowych sesji naukowych Prace opublikowane 2019 1. Jakub Lewicki, Mi\u0119dzy tradycj\u0105 a nowoczesno\u015bci\u0105. Architektura Lwowa lat 1893-1918, [&hellip;]<\/p>\n","protected":false},"author":2,"featured_media":0,"parent":0,"menu_order":0,"comment_status":"closed","ping_status":"closed","template":"","meta":{"footnotes":""},"class_list":["post-20","page","type-page","status-publish","hentry"],"_links":{"self":[{"href":"https:\/\/lwowska.szkola.architektoniczna.uksw.edu.pl\/index.php?rest_route=\/wp\/v2\/pages\/20","targetHints":{"allow":["GET"]}}],"collection":[{"href":"https:\/\/lwowska.szkola.architektoniczna.uksw.edu.pl\/index.php?rest_route=\/wp\/v2\/pages"}],"about":[{"href":"https:\/\/lwowska.szkola.architektoniczna.uksw.edu.pl\/index.php?rest_route=\/wp\/v2\/types\/page"}],"author":[{"embeddable":true,"href":"https:\/\/lwowska.szkola.architektoniczna.uksw.edu.pl\/index.php?rest_route=\/wp\/v2\/users\/2"}],"replies":[{"embeddable":true,"href":"https:\/\/lwowska.szkola.architektoniczna.uksw.edu.pl\/index.php?rest_route=%2Fwp%2Fv2%2Fcomments&post=20"}],"version-history":[{"count":4,"href":"https:\/\/lwowska.szkola.architektoniczna.uksw.edu.pl\/index.php?rest_route=\/wp\/v2\/pages\/20\/revisions"}],"predecessor-version":[{"id":54,"href":"https:\/\/lwowska.szkola.architektoniczna.uksw.edu.pl\/index.php?rest_route=\/wp\/v2\/pages\/20\/revisions\/54"}],"wp:attachment":[{"href":"https:\/\/lwowska.szkola.architektoniczna.uksw.edu.pl\/index.php?rest_route=%2Fwp%2Fv2%2Fmedia&parent=20"}],"curies":[{"name":"wp","href":"https:\/\/api.w.org\/{rel}","templated":true}]}}