{"id":23,"date":"2021-01-25T15:01:27","date_gmt":"2021-01-25T14:01:27","guid":{"rendered":"http:\/\/lwowska.szkola.architektoniczna.uksw.edu.pl\/?page_id=23"},"modified":"2021-01-25T16:26:00","modified_gmt":"2021-01-25T15:26:00","slug":"wygloszone-refraty","status":"publish","type":"page","link":"https:\/\/lwowska.szkola.architektoniczna.uksw.edu.pl\/?page_id=23","title":{"rendered":"Wyg\u0142oszone referaty"},"content":{"rendered":"\n<p>14 referat\u00f3w na konferencjach mi\u0119dzynarodowych<br> -8 referat\u00f3w na konferencjach krajowych<\/p>\n\n\n\n<p>\u0141\u0105cznie: 22 referaty wyg\u0142oszone podczas mi\u0119dzynarodowych i krajowych sesji naukowych.<\/p>\n\n\n\n<p><strong>2019<\/strong><\/p>\n\n\n\n<p><strong>Konferencje mi\u0119dzynarodowe <\/strong><\/p>\n\n\n\n<p>1.Jakub Lewicki, <em>Lw\u00f3w mi\u0119dzywojenny. Miasto, architektura, modernizm<\/em><em>.<\/em> Referat wyg\u0142oszony 11 IX 2019 w ramach Spotka\u0144 Ossoli\u0144skich w Bibliotece im. Stefanika we Lwowie.<\/p>\n\n\n\n<p><strong>2018<\/strong><\/p>\n\n\n\n<p><strong>Konferencje krajowe<\/strong><\/p>\n\n\n\n<p>1. Jakub Lewicki, <em>Dla chwa\u0142y Niepodleg\u0142ej czyli architektura niezaistnia\u0142a. Jak wygl\u0105da\u0142by Lw\u00f3w gdyby nie wybuch\u0142a wojna<\/em>, \u201eProjekty dla Niepodleg\u0142ej. Architektura i sztuka w Polsce po roku 1918\u201d, Krakowski Oddzia\u0142 Stowarzyszenia Historyk\u00f3w Sztuki oraz Muzeum Narodowe w Krakowie, og\u00f3lnopolska konferencja naukowa, Krak\u00f3w 19 pa\u017adziernika 2018.<\/p>\n\n\n\n<p>2. Jakub Lewicki, <em>Koncepcje odbudowy kraju z lat 1914 &#8211; 1925 jako przejaw poszukiwa\u0144 po\u0142\u0105czenia tradycji z nowoczesno\u015bci\u0105<\/em>, \u201eNiepodleg\u0142o\u015b\u0107 i nowoczesno\u015b\u0107\u201d, Oddzia\u0142 Szczeci\u0144ski Stowarzyszenia Historyk\u00f3w Sztuki, og\u00f3lnopolska konferencja naukowa, Szczecin 22-24 listopad 2018.<\/p>\n\n\n\n<p><strong>Konferencje mi\u0119dzynarodowe  <\/strong><\/p>\n\n\n\n<p>1.Jakub Lewicki, <em>Architektura niedoko\u0144czona &#8211; problemy <\/em>[w:] <em>Modernizm w Europie \u2013 Modernizm w Gdyni. Architektura XX w. \u2013 Ochrona \u2013 konserwacja<\/em>, Gdynia 25 V 2018.<\/p>\n\n\n\n<p>2. Jakub Lewicki, <em>Mi\u0119dzy Warszaw\u0105, Lwowem a Lublinem. Architektura Wo\u0142ynia w okresie dwudziestolecia mi\u0119dzywojennego<\/em> [w:] <em>Wo\u0142y\u0144 w ukrai\u0144skiej, polskiej i \u015bwiatowej historiografii<\/em>, Wydzia\u0142 Humanistyczny UWM w Olsztynie oraz Krzemieniecka Humanistyczno-Pedagogiczna Akademia im. Tarasa Szewczenki (Ukraina), Krzemieniec Krzemieniec 20 IX 2018.<\/p>\n\n\n\n<p>3. Jakub Lewicki, <em>Architektura pocz\u0105tk\u00f3w niepodleg\u0142o\u015bci. Odbudowa Kres\u00f3w II Rzeczpospolitej<\/em> [w:] <em>IV Mi\u0119dzynarodowy kongres: <strong>Stan bada\u0144 nad wielokulturowym dziedzictwem dawnej Rzeczypospolitej<\/strong><\/em><strong>, <\/strong>Rzesz\u00f3w, 3 X 2018.<\/p>\n\n\n\n<p>4. Ma\u0142gorzata Korpa\u0142a, <em>Faktura i kolorystyka architektury 20-lecia mi\u0119dzywojennego Lwowskiej Szko\u0142y Architektonicznej<\/em>, \u201e6. Mi\u0119dzynarodowa konferencja naukowa Modernizm w Europie \u2013 Modernizm w Gdyni. Architektura XX w. \u2013 Badania I Popularyzacja\u201d, mi\u0119dzynarodowa konferencja naukowa, Gdynia 24-26 maja 2018.<\/p>\n\n\n\n<p>5. Ma\u0142gorzata Korpa\u0142a, <em>Konserwacja zabytk\u00f3w na Wo\u0142yniu w okresie dwudziestolecia mi\u0119dzywojennego,<\/em> mi\u0119dzynarodowa konferencja naukowa \u201e<em>Wo\u0142y\u0144 w polskiej, ukrai\u0144skiej i \u015bwiatowej historiografii<\/em>\u201d Wydzia\u0142 Humanistyczny UWM w Olsztynie oraz Krzemieniecka Humanistyczno-Pedagogiczna Akademia im. Tarasa Szewczenki (Ukraina), Krzemieniec 20-21 wrze\u015bnia 2018.<\/p>\n\n\n\n<p>6. Ma\u0142gorzata Korpa\u0142a, <em>Konserwacja malarstwa w okresie mi\u0119dzywojennym na Kresach II Rzeczpospolitej. Pr\u00f3ba podsumowania<\/em>, \u201eIV Mi\u0119dzynarodowy Kongres Naukowy Stan bada\u0144 nad wielokulturowym dziedzictwem dawnej Rzeczypospolitej\u201d, Instytut Bada\u0144 nad Dziedzictwem Kulturowym Europy, mi\u0119dzynarodowa konferencja naukowa, Rzesz\u00f3w 3-5 pa\u017adziernika 2018.<\/p>\n\n\n\n<p><strong>2017<\/strong><\/p>\n\n\n\n<p><strong>Konferencje mi\u0119dzynarodowe  <\/strong><\/p>\n\n\n\n<p>1. Jakub Lewicki, <em>Polskie miejsca pami\u0119ci &#8211; zmiany interpretacji i problemy ochrony w XXI wieku<\/em> [w:]<em> Miejsca pami\u0119ci \u2013 Definiowanie, Interpretacja, Ochrona<\/em>, Warszawa 4 XII 2017.<\/p>\n\n\n\n<p><strong>2016<\/strong><\/p>\n\n\n\n<p><strong>Konferencje krajowe <\/strong><\/p>\n\n\n\n<p>1. Jakub Lewicki, <em>O pocz\u0105tkach kategoryzacji i klasyfikacji zabytk\u00f3w. O wadach i zaletach polskich system\u00f3w warto\u015bciowania zabytk\u00f3w<\/em> [w:] <em>Ochrona Dziedzictwa Kulturowego.<\/em> <em>Klasyfikacja i kategoryzacja zabytk\u00f3w w systemie ochrony zabytk\u00f3w<\/em>, Warszawa IV 2016.<\/p>\n\n\n\n<p>2. Jakub Lewicki, <em>Inwentaryzacja zabytkowej architektury \u2013 mi\u0119dzy tradycj\u0105 a nowoczesno\u015bci\u0105<\/em> [w:] <em>Digitalizacja dziedzictwa kulturowego \u2013 szanse i zagro\u017cenia. Architektura zabytkowa \u2013 architektura cyfrowa<\/em>, MWKZ Warszawa 21 IX 2016.<\/p>\n\n\n\n<p>3.Jakub Lewicki, <em>Ocena warto\u015bci zabytk\u00f3w z 1 po\u0142. XX w. Zasady klasyfikacji i wykaz najcenniejszych budowli z tego okresu<\/em>[w:] <em>Dziedzictwo XX wieku \u2013 kryteria wyboru, zasady ochrony<\/em>, Warszawa 5<strong> XII 2016.<\/strong><strong><\/strong><\/p>\n\n\n\n<p>4. Jakub Lewicki, <em>Ocena warto\u015bci zabytk\u00f3w epoki modernizmu. Przesz\u0142o\u015b\u0107, tera\u017aniejszo\u015b\u0107 i przysz\u0142o\u015b\u0107.<\/em> [w:] <em>Ochrona Dziedzictwa Architektury i Urbanistyki Polskiej II po\u0142owy XX wieku<\/em>, Warszawa 17-18 XI 2016.<\/p>\n\n\n\n<p><strong>2015<\/strong><\/p>\n\n\n\n<p><strong>Konferencje krajowe<\/strong><\/p>\n\n\n\n<p>1. Jakub Lewicki, Co straci\u0107, co zyska\u0107. Adaptowa\u0107 czy modernizowa\u0107? Mo\u017cliwo\u015bci ingerencji w elewacje z czas\u00f3w eklektyzmu i modernizmu [w:] Ochrona warto\u015bci w procesie adaptacji zabytk\u00f3w, Warszawa 16-17 IV 2015.<\/p>\n\n\n\n<p><strong>Konferencje mi\u0119dzynarodowe  <\/strong><\/p>\n\n\n\n<p>1. Jakub Lewicki, <em>Projekty odbudowy miast Galicji jako \u017ar\u00f3d\u0142o nowoczesnej teorii urbanistycznej w Europie \u015arodkowej<\/em> [w:] <em>(Od)budowa miasta historycznego: nar\u00f3d, polityka. Spo\u0142ecze\u0144stwo a rekonstrukcje o\u015brodk\u00f3w zniszczonych w czasie i wojny \u015bwiatowej<\/em>, Konferencja mi\u0119dzynarodowa Kalisz, 16 VI 2015.<\/p>\n\n\n\n<p>2. Jakub Lewicki, <em>Nowe obszary bada\u0144 nad architektur\u0105 Kres\u00f3w na przyk\u0142adzie studi\u00f3w nad dorobkiem Lwowskiej Szko\u0142y Architektonicznej <\/em>[w:]III Mi\u0119dzynarodowy Kongres Naukowy <em>Stan bada\u0144 nad wielokulturowym dziedzictwem dawnej Rzeczypospolitej, <\/em>Bia\u0142ystok, 30 IX 2015 r.<\/p>\n\n\n\n<p>3. Jakub Lewicki, <em>Lwowska szko\u0142a architektoniczna w XIX i XX wieku. Poj\u0119cie, granice, charakterystyka<\/em>. [w:] <em>Sesja naukowa: Galicja \u2013 mozaika nie tylko narodowa, Warszawa<\/em><strong>, <\/strong>Instytut Bada\u0144 Literackich PAN, 17 XI 2015.<\/p>\n\n\n\n<p><strong>2014<\/strong><\/p>\n\n\n\n<p><strong>Konferencje mi\u0119dzynarodowe <\/strong><\/p>\n\n\n\n<p>1.<em> Architektura polskich Kres\u00f3w w Europie \u015arodkowo-Wschodniej. Wybrane problemy<\/em> [w:] <em>Modernizm w Europie. Modernizm w Gdyni, Architektura XX wieku i jej waloryzacj<\/em>a, Gdynia 18 IX 2014.<\/p>\n\n\n\n<p>2.<em> Przesz\u0142o\u015b\u0107 czy przysz\u0142o\u015b\u0107 &#8211; dylematy zwi\u0105zane z zabytkami w dobie postkolonializmu<\/em> [w:] <em>J\u0119zyki postkolonialno\u015bci w Europie \u015brodkowo-<\/em><em>wschodniej. Kultura, \u017cycie spo\u0142eczne i polityczne po roku 1989<\/em>, Pozna\u0144, 3 VI 2014.<\/p>\n\n\n\n<p><strong>2013<\/strong><\/p>\n\n\n\n<p><strong>Konferencje krajowe<\/strong><\/p>\n\n\n\n<p>1<em>. Roman Feli\u0144ski &#8211; pionier nowoczesnej architektury, 22 III 2013 [w:] <\/em>Obchody 60 rocznicy \u015bmierci Romana Feli\u0144skiego pierwszego prezesa Towarzystwa Urbanist\u00f3w Polskich, Seminarium TUP, Oddzia\u0142 Wroc\u0142aw, 22 III 2013.<\/p>\n\n\n\n<p><strong>Konferencje mi\u0119dzynarodowe  <\/strong><\/p>\n\n\n\n<p>1. <em>Konflikt o zabytki i miejsca pami\u0119ci czyli&nbsp; o nowo-starym postrzeganiu przesz\u0142o\u015bci w Europie \u015arodkowej i Wschodniej po 1989 roku, <\/em>31 V 2013 [w:] \u201e<em>Kultura sytuacji postkolonialnej. Europa \u015arodkowa i Wschodnia po roku 1989<\/em>\u201d, mi\u0119dzynarodowa konferencja, Pozna\u0144, 6-7 maja 2013 roku.<\/p>\n","protected":false},"excerpt":{"rendered":"<p>14 referat\u00f3w na konferencjach mi\u0119dzynarodowych -8 referat\u00f3w na konferencjach krajowych \u0141\u0105cznie: 22 referaty wyg\u0142oszone podczas mi\u0119dzynarodowych i krajowych sesji naukowych. 2019 Konferencje mi\u0119dzynarodowe 1.Jakub Lewicki, Lw\u00f3w mi\u0119dzywojenny. Miasto, architektura, modernizm. Referat wyg\u0142oszony 11 IX 2019 w ramach Spotka\u0144 Ossoli\u0144skich w Bibliotece im. Stefanika we Lwowie. 2018 Konferencje krajowe 1. Jakub Lewicki, Dla chwa\u0142y Niepodleg\u0142ej czyli [&hellip;]<\/p>\n","protected":false},"author":2,"featured_media":0,"parent":0,"menu_order":0,"comment_status":"closed","ping_status":"closed","template":"","meta":{"footnotes":""},"class_list":["post-23","page","type-page","status-publish","hentry"],"_links":{"self":[{"href":"https:\/\/lwowska.szkola.architektoniczna.uksw.edu.pl\/index.php?rest_route=\/wp\/v2\/pages\/23","targetHints":{"allow":["GET"]}}],"collection":[{"href":"https:\/\/lwowska.szkola.architektoniczna.uksw.edu.pl\/index.php?rest_route=\/wp\/v2\/pages"}],"about":[{"href":"https:\/\/lwowska.szkola.architektoniczna.uksw.edu.pl\/index.php?rest_route=\/wp\/v2\/types\/page"}],"author":[{"embeddable":true,"href":"https:\/\/lwowska.szkola.architektoniczna.uksw.edu.pl\/index.php?rest_route=\/wp\/v2\/users\/2"}],"replies":[{"embeddable":true,"href":"https:\/\/lwowska.szkola.architektoniczna.uksw.edu.pl\/index.php?rest_route=%2Fwp%2Fv2%2Fcomments&post=23"}],"version-history":[{"count":4,"href":"https:\/\/lwowska.szkola.architektoniczna.uksw.edu.pl\/index.php?rest_route=\/wp\/v2\/pages\/23\/revisions"}],"predecessor-version":[{"id":56,"href":"https:\/\/lwowska.szkola.architektoniczna.uksw.edu.pl\/index.php?rest_route=\/wp\/v2\/pages\/23\/revisions\/56"}],"wp:attachment":[{"href":"https:\/\/lwowska.szkola.architektoniczna.uksw.edu.pl\/index.php?rest_route=%2Fwp%2Fv2%2Fmedia&parent=23"}],"curies":[{"name":"wp","href":"https:\/\/api.w.org\/{rel}","templated":true}]}}